{"id":987,"date":"2020-10-22T15:56:25","date_gmt":"2020-10-22T20:56:25","guid":{"rendered":"http:\/\/damf.mx\/?page_id=987"},"modified":"2020-10-23T09:45:37","modified_gmt":"2020-10-23T14:45:37","slug":"aviso-de-privacidad","status":"publish","type":"page","link":"https:\/\/damf.mx\/index.php\/aviso-de-privacidad\/","title":{"rendered":"Aviso de privacidad"},"content":{"rendered":"<div class=\"fusion-fullwidth fullwidth-box fusion-builder-row-1 nonhundred-percent-fullwidth non-hundred-percent-height-scrolling\"  style='background-color: rgba(255,255,255,0);background-position: center center;background-repeat: no-repeat;padding-top:0px;padding-right:15%;padding-bottom:15%;padding-left:15%;'><div class=\"fusion-builder-row fusion-row \"><div  class=\"fusion-layout-column fusion_builder_column fusion_builder_column_1_1 fusion-builder-column-0 fusion-one-full fusion-column-first fusion-column-last 1_1\"  style='margin-top:0px;margin-bottom:20px;'><div class=\"fusion-column-wrapper\" style=\"padding: 0px 0px 0px 0px;background-position:left top;background-repeat:no-repeat;-webkit-background-size:cover;-moz-background-size:cover;-o-background-size:cover;background-size:cover;\"   data-bg-url=\"\"><style type=\"text\/css\">@media only screen and (max-width:800px) {.fusion-title.fusion-title-1{margin-top:10px!important;margin-bottom:10px!important;}}<\/style><div class=\"fusion-title title fusion-title-1 fusion-sep-none fusion-title-center fusion-title-text fusion-title-size-one\" style=\"margin-top:10%;margin-bottom:10%;\"><h1 class=\"title-heading-center\" style=\"margin:0;\"><span style=\"color: #ff0000;\">Aviso de privacidad<\/span><\/h1><\/div><div class=\"fusion-text\"><p style=\"text-align: left;\"><span style=\"color: #4f4f4f;\"><strong>DESARROLLOS AUTOM\u00c1TICOS PARA MAQUINAS Y FACILIDADES S.A. DE C.V. con domicilio en Color\u00edn 1221, Mirasol 1o., 64100 Monterrey, Nuevo le\u00f3n <\/strong>se compromete a proteger su privacidad. Adem\u00e1s de lo dispuesto en la ley mexicana correspondiente en la materia, seguimos las mejores pr\u00e1cticas internacionales en el manejo y administraci\u00f3n de datos personales. En todo caso, manejaremos sus datos personales con altos est\u00e1ndares de \u00e9tica, responsabilidad y profesionalismo.<\/span><\/p>\n<p style=\"text-align: left;\"><span style=\"color: #4f4f4f;\">Salvo que se indique lo contrario o se establezcan particularidades para cada uno de ellos, este aviso de privacidad es aplicable espec\u00edficamente a la informaci\u00f3n que recopilamos de usted a trav\u00e9s de los formularios en el \u201csitio web\u201d <a style=\"color: #4f4f4f;\" href=\"http:\/\/damf.mx\/\">http:\/\/damf.mx\u00a0<\/a>y medios de comunicaci\u00f3n tales como tel\u00e9fonos en sucursales , personal de ventas relacionados con. <strong>DESARROLLOS AUTOM\u00c1TICOS PARA MAQUINAS Y FACILIDADES S.A. DE C.V.<\/strong>, encuestas, eventos propios o de terceros, etc.<\/span><\/p>\n<p style=\"text-align: left;\"><span style=\"color: #4f4f4f;\">En atenci\u00f3n a la\u00a0<em>Ley Federal de Protecci\u00f3n de Datos Personales en Posesi\u00f3n de Particulares<\/em>\u00a0(M\u00e9xico) le informamos lo siguiente:<\/span><\/p>\n<ol style=\"text-align: left;\">\n<li><span style=\"color: #4f4f4f;\">Recopilamos solamente los datos que a continuaci\u00f3n se se\u00f1alan:<\/span><\/li>\n<\/ol>\n<p style=\"text-align: left;\"><span style=\"color: #4f4f4f;\">1.1. Datos Personales.-<\/span><\/p>\n<p style=\"text-align: left;\"><span style=\"color: #4f4f4f;\">1.1.1. De Clientes de\u00a0<strong>DESARROLLOS AUTOM\u00c1TICOS PARA MAQUINAS Y FACILIDADES S.A. DE C.V.<\/strong>: Nombres, direcciones, tel\u00e9fonos, correos electr\u00f3nicos.<\/span><\/p>\n<p style=\"text-align: left;\"><span style=\"color: #4f4f4f;\">1.1.2. De Empleados de\u00a0<strong>DESARROLLOS AUTOM\u00c1TICOS PARA MAQUINAS Y FACILIDADES S.A. DE C.V.<\/strong>: Nombres, direcciones, fotograf\u00edas, tel\u00e9fonos, correos electr\u00f3nicos.<\/span><\/p>\n<p style=\"text-align: left;\"><span style=\"color: #4f4f4f;\">1.1.3. De Usuarios del \u201csitio web\u201d: http:\/\/damf.mx Nombres, correo electr\u00f3nico a trav\u00e9s de la forma de registro ubicada en: Usted se compromete a que los datos que proporciona a\u00a0<strong>DESARROLLOS AUTOM\u00c1TICOS PARA MAQUINAS Y FACILIDADES S.A. DE C.V.<\/strong>\u00a0sean ver\u00eddicos, completos y exactos. Cualquier dato falso, incompleto o inexacto ser\u00e1 de su exclusiva responsabilidad.<\/span><\/p>\n<ol style=\"text-align: left;\" start=\"2\">\n<li><span style=\"color: #4f4f4f;\">Recopilamos la informaci\u00f3n se\u00f1alada en el punto anterior con los siguientes prop\u00f3sitos:<\/span><\/li>\n<\/ol>\n<p style=\"text-align: left;\"><span style=\"color: #4f4f4f;\">2.1. Fines de identificaci\u00f3n y verificaci\u00f3n de datos.<\/span><\/p>\n<p style=\"text-align: left;\"><span style=\"color: #4f4f4f;\">2.2. Venta de equipo, eventualmente contactarlo v\u00eda correo electr\u00f3nico con el fin de compartir informaci\u00f3n o noticias de inter\u00e9s sobre promociones, cotizaci\u00f3n o envi\u00f3 de facturas electr\u00f3nicas, cualquier informaci\u00f3n que\u00a0<strong>DESARROLLOS AUTOM\u00c1TICOS PARA MAQUINAS Y FACILIDADES S.A. DE C.V.<\/strong>considere importante que sus clientes y\/o usuarios conozcan.<\/span><\/p>\n<p style=\"text-align: left;\"><span style=\"color: #4f4f4f;\">2.3. Tener una base de datos para segmentar y dirigir publicidad de clientes y socios de negocios.<\/span><\/p>\n<ol style=\"text-align: left;\" start=\"3\">\n<li><span style=\"color: #4f4f4f;\">Para el caso espec\u00edfico de Clientes:<\/span><\/li>\n<\/ol>\n<p style=\"text-align: left;\"><span style=\"color: #4f4f4f;\">3.1. Para llevar a cabo la relaci\u00f3n comercial.<\/span><\/p>\n<ol style=\"text-align: left;\" start=\"4\">\n<li><span style=\"color: #4f4f4f;\">En la recolecci\u00f3n de datos personales seguimos todos los principios que marca la ley mexicana (art\u00edculo 6): Licitud, calidad, consentimiento, informaci\u00f3n, finalidad, lealtad, proporcionalidad y responsabilidad.<\/span><\/li>\n<li><span style=\"color: #4f4f4f;\">Salvo que medie un cambio en este aviso de privacidad, sus datos personales jam\u00e1s ser\u00e1n divulgados ni compartidos con terceros (no habr\u00e1 transferencia de datos), ni se les dar\u00e1 un uso distinto al se\u00f1alado en el punto num. 2 y sus apartados.<\/span><\/li>\n<li><span style=\"color: #4f4f4f;\">El responsable de protecci\u00f3n de datos personales de\u00a0<strong>DESARROLLOS AUTOM\u00c1TICOS PARA MAQUINAS Y FACILIDADES S.A. DE C.V.<\/strong>. es: Mar\u00eda del Carmen Salazar S\u00e1nchez .<\/span><\/li>\n<li><span style=\"color: #4f4f4f;\">Le informamos que en nuestra p\u00e1gina web utilizamos cookies y otras tecnolog\u00edas a trav\u00e9s de las cuales es posible monitorear su comportamiento como usuario de la misma, brindarle un mejor servicio y experiencia de usuario al navegar en nuestra p\u00e1gina, as\u00ed como ofrecerle nuevos productos y servicios basados en sus preferencias. Los datos personales que obtenemos de estas tecnolog\u00edas de rastreo son los siguientes: horario de navegaci\u00f3n, tiempo de navegaci\u00f3n en nuestra p\u00e1gina de Internet y secciones consultadas. Estas tecnolog\u00edas podr\u00e1n desactivarse bajo solicitud del usuario con el responsible de protecci\u00f3n de datos personales de\u00a0<strong>DESARROLLOS AUTOM\u00c1TICOS PARA MAQUINAS Y FACILIDADES S.A. DE C.V.<\/strong>Este aviso de privacidad cumple con los requisitos que marca la ley (art\u00edculos 15 y 16).\u00a0<strong>DESARROLLOS AUTOM\u00c1TICOS PARA MAQUINAS Y FACILIDADES S.A. DE C.V.<\/strong>toma muy en cuenta la seguridad de sus datos, por lo que contamos con mecanismos tecnol\u00f3gicos, f\u00edsicos, administrativos y legales para proteger su informaci\u00f3n.<\/span><\/li>\n<li><span style=\"color: #4f4f4f;\">En caso de que exista alg\u00fan cambio en este aviso de privacidad podr\u00e1 consultarlo en el sitio Web: <a style=\"color: #4f4f4f;\" href=\"http:\/\/damf.mx\/\">http:\/\/damf.mx\u00a0<\/a>\u00a0<strong> DESARROLLOS AUTOM\u00c1TICOS PARA MAQUINAS Y FACILIDADES S.A. DE C.V. <\/strong>se reserva el derecho de cambiar este aviso de privacidad en cualquier momento.<\/span><\/li>\n<\/ol>\n<p style=\"text-align: left;\"><span style=\"color: #4f4f4f;\">En caso de que se presente una controversia que se derive del presente aviso de privacidad, las partes intentar\u00e1n primero resolverlo a trav\u00e9s de negociaciones de buena fe, pudiendo ser asistidos por un mediador profesional. Si despu\u00e9s de un m\u00e1ximo de 30 d\u00edas de negociaci\u00f3n las partes no llegaren a un acuerdo, se estar\u00e1 a lo dispuesto por la Ley Federal de Protecci\u00f3n de Datos Personales en Posesi\u00f3n de Particulares, aceptando las partes la intervenci\u00f3n que pudiere tener el Instituto Federal de Acceso a la Informaci\u00f3n y Protecci\u00f3n de Datos Personales.<em>\u00a0<\/em><\/span><\/p>\n<p style=\"text-align: left;\"><span style=\"color: #4f4f4f;\"><em>\u00a0<\/em><\/span><\/p>\n<p style=\"text-align: left;\"><span style=\"color: #4f4f4f;\"><em>\u00a0<\/em><\/span><\/p>\n<p style=\"text-align: left;\"><span style=\"color: #4f4f4f;\"><em>\u00a0<\/em><\/span><\/p>\n<p style=\"text-align: left;\"><span style=\"color: #4f4f4f;\"><em>Fecha de \u00faltima actualizaci\u00f3n: 22\/10\/2020<\/em><\/span><\/p>\n<\/div><div class=\"fusion-clearfix\"><\/div><\/div><\/div><\/div><\/div><style type=\"text\/css\">.fusion-fullwidth.fusion-builder-row-1 a:not(.fusion-button):not(.fusion-builder-module-control):not(.fusion-social-network-icon):not(.fb-icon-element):not(.fusion-countdown-link):not(.fusion-rollover-link):not(.fusion-rollover-gallery):not(.fusion-button-bar):not(.add_to_cart_button):not(.show_details_button):not(.product_type_external):not(.fusion-quick-view):not(.fusion-rollover-title-link):not(.fusion-breadcrumb-link) , .fusion-fullwidth.fusion-builder-row-1 a:not(.fusion-button):not(.fusion-builder-module-control):not(.fusion-social-network-icon):not(.fb-icon-element):not(.fusion-countdown-link):not(.fusion-rollover-link):not(.fusion-rollover-gallery):not(.fusion-button-bar):not(.add_to_cart_button):not(.show_details_button):not(.product_type_external):not(.fusion-quick-view):not(.fusion-rollover-title-link):not(.fusion-breadcrumb-link):before, .fusion-fullwidth.fusion-builder-row-1 a:not(.fusion-button):not(.fusion-builder-module-control):not(.fusion-social-network-icon):not(.fb-icon-element):not(.fusion-countdown-link):not(.fusion-rollover-link):not(.fusion-rollover-gallery):not(.fusion-button-bar):not(.add_to_cart_button):not(.show_details_button):not(.product_type_external):not(.fusion-quick-view):not(.fusion-rollover-title-link):not(.fusion-breadcrumb-link):after {color: #212934;}.fusion-fullwidth.fusion-builder-row-1 a:not(.fusion-button):not(.fusion-builder-module-control):not(.fusion-social-network-icon):not(.fb-icon-element):not(.fusion-countdown-link):not(.fusion-rollover-link):not(.fusion-rollover-gallery):not(.fusion-button-bar):not(.add_to_cart_button):not(.show_details_button):not(.product_type_external):not(.fusion-quick-view):not(.fusion-rollover-title-link):not(.fusion-breadcrumb-link):hover, .fusion-fullwidth.fusion-builder-row-1 a:not(.fusion-button):not(.fusion-builder-module-control):not(.fusion-social-network-icon):not(.fb-icon-element):not(.fusion-countdown-link):not(.fusion-rollover-link):not(.fusion-rollover-gallery):not(.fusion-button-bar):not(.add_to_cart_button):not(.show_details_button):not(.product_type_external):not(.fusion-quick-view):not(.fusion-rollover-title-link):not(.fusion-breadcrumb-link):hover:before, .fusion-fullwidth.fusion-builder-row-1 a:not(.fusion-button):not(.fusion-builder-module-control):not(.fusion-social-network-icon):not(.fb-icon-element):not(.fusion-countdown-link):not(.fusion-rollover-link):not(.fusion-rollover-gallery):not(.fusion-button-bar):not(.add_to_cart_button):not(.show_details_button):not(.product_type_external):not(.fusion-quick-view):not(.fusion-rollover-title-link):not(.fusion-breadcrumb-link):hover:after {color: #65bc7b;}.fusion-fullwidth.fusion-builder-row-1 .pagination a.inactive:hover, .fusion-fullwidth.fusion-builder-row-1 .fusion-filters .fusion-filter.fusion-active a {border-color: #65bc7b;}.fusion-fullwidth.fusion-builder-row-1 .pagination .current {border-color: #65bc7b; background-color: #65bc7b;}.fusion-fullwidth.fusion-builder-row-1 .fusion-filters .fusion-filter.fusion-active a, .fusion-fullwidth.fusion-builder-row-1 .fusion-date-and-formats .fusion-format-box, .fusion-fullwidth.fusion-builder-row-1 .fusion-popover, .fusion-fullwidth.fusion-builder-row-1 .tooltip-shortcode {color: #65bc7b;}#main .fusion-fullwidth.fusion-builder-row-1 .post .blog-shortcode-post-title a:hover {color: #65bc7b;}<\/style>\n","protected":false},"excerpt":{"rendered":"","protected":false},"author":1,"featured_media":0,"parent":0,"menu_order":0,"comment_status":"closed","ping_status":"closed","template":"","meta":{"footnotes":""},"_links":{"self":[{"href":"https:\/\/damf.mx\/index.php\/wp-json\/wp\/v2\/pages\/987"}],"collection":[{"href":"https:\/\/damf.mx\/index.php\/wp-json\/wp\/v2\/pages"}],"about":[{"href":"https:\/\/damf.mx\/index.php\/wp-json\/wp\/v2\/types\/page"}],"author":[{"embeddable":true,"href":"https:\/\/damf.mx\/index.php\/wp-json\/wp\/v2\/users\/1"}],"replies":[{"embeddable":true,"href":"https:\/\/damf.mx\/index.php\/wp-json\/wp\/v2\/comments?post=987"}],"version-history":[{"count":8,"href":"https:\/\/damf.mx\/index.php\/wp-json\/wp\/v2\/pages\/987\/revisions"}],"predecessor-version":[{"id":998,"href":"https:\/\/damf.mx\/index.php\/wp-json\/wp\/v2\/pages\/987\/revisions\/998"}],"wp:attachment":[{"href":"https:\/\/damf.mx\/index.php\/wp-json\/wp\/v2\/media?parent=987"}],"curies":[{"name":"wp","href":"https:\/\/api.w.org\/{rel}","templated":true}]}}